{"id":61,"date":"2025-03-08T02:26:47","date_gmt":"2025-03-08T02:26:47","guid":{"rendered":"https:\/\/suckhoetamly.com\/?page_id=61"},"modified":"2025-03-08T19:59:08","modified_gmt":"2025-03-08T19:59:08","slug":"dich-vu-2","status":"publish","type":"page","link":"https:\/\/suckhoetamly.com\/?page_id=61","title":{"rendered":"D\u1ecbch V\u1ee5\/Services"},"content":{"rendered":"\n<ul class=\"wp-block-list\">\n<li><strong>ADHD<\/strong>: R\u1ed1i lo\u1ea1n t\u0103ng \u0111\u1ed9ng gi\u1ea3m ch\u00fa \u00fd<\/li>\n\n\n\n<li><strong>Body Image<\/strong>: Suy Ngh\u0129 C\u1ef1c \u0110oan Ve V\u00f3c D\u00e1ng C\u1ee7a B\u1ea1n<\/li>\n\n\n\n<li><strong>Borderline Personality &amp; Other Personality Disorders<\/strong>: R\u1ed1i lo\u1ea1n nh\u00e2n c\u00e1ch ranh gi\u1edbi c\u1ee7a c\u00e1c quan h\u1ec7 trong cu\u1ed9c s\u1ed1ng v\u00e0 c\u00e1c r\u1ed1i lo\u1ea1n nh\u00e2n c\u00e1ch kh\u00e1c.<\/li>\n\n\n\n<li><strong>Career Assessments<\/strong>: \u0110\u00e1nh gi\u00e1 ngh\u1ec1 nghi\u1ec7p\u200b <\/li>\n\n\n\n<li><strong>Compassion Fatigue<\/strong>: Ki\u1ec7t s\u1ee9c do tr\u1eafc \u1ea9n\u200b <\/li>\n\n\n\n<li><strong>Depression<\/strong>: Tr\u1ea7m c\u1ea3m<\/li>\n\n\n\n<li><strong>Eating Disorder<\/strong>: R\u1ed1i lo\u1ea1n \u0103n u\u1ed1ng<\/li>\n\n\n\n<li><strong>Emotional Regulation<\/strong>: \u0110i\u1ec1u ch\u1ec9nh c\u1ea3m x\u00fac<\/li>\n\n\n\n<li><strong>Fears of Rejection and Abandonment<\/strong>: N\u1ed7i s\u1ee3 b\u1ecb t\u1eeb ch\u1ed1i v\u00e0 b\u1ecf r\u01a1i\u200b <\/li>\n\n\n\n<li><strong>Life Purpose<\/strong>: M\u1ee5c \u0111\u00edch s\u1ed1ng\u200b <\/li>\n\n\n\n<li><strong>Life Transitions<\/strong>: Chuy\u1ec3n \u0111\u1ed5i cu\u1ed9c s\u1ed1ng\u200b <\/li>\n\n\n\n<li><strong>Marital &amp; Premarital (Christian-based)<\/strong>: H\u00f4n nh\u00e2n &amp; Ti\u1ec1n h\u00f4n nh\u00e2n (d\u1ef1a tr\u00ean Thi\u00ean Ch\u00faa Gi\u00e1o)\u200b <\/li>\n\n\n\n<li><strong>Not Good Enough Mentality Even Though You Are a Super-Star<\/strong>: T\u00e2m l\u00fd kh\u00f4ng \u0111\u1ee7 t\u1ed1t cho d\u00f9 b\u1ea1n l\u00e0 m\u1ed9t ng\u00f4i sao\u200b <\/li>\n\n\n\n<li><strong>Obsessive-Compulsive Disorder (OCD)<\/strong>: R\u1ed1i lo\u1ea1n \u00e1m \u1ea3nh c\u01b0\u1ee1ng ch\u1ebf<\/li>\n\n\n\n<li><strong>Parenting<\/strong>: Nu\u00f4i d\u1ea1y con c\u00e1i\u200b <\/li>\n\n\n\n<li><strong>Perfectionism<\/strong>: Ch\u1ee7 ngh\u0129a ho\u00e0n h\u1ea3o\u200b <\/li>\n\n\n\n<li><strong>Relationship Issues<\/strong>: V\u1ea5n \u0111\u1ec1 quan h\u1ec7\u200b <\/li>\n\n\n\n<li><strong>Self-esteem &amp; Self-confidence<\/strong>: L\u00f2ng t\u1ef1 tr\u1ecdng &amp; S\u1ef1 t\u1ef1 tin\u200b <\/li>\n\n\n\n<li><strong>Stress &amp; Burnout<\/strong>: C\u0103ng th\u1eb3ng &amp; Ki\u1ec7t s\u1ee9c v\u1ecb c\u00f4ng vi\u1ec7c v\u00e0 c\u00e1c chuy\u00ean x\u1ea3y ra trong cu\u1ed9c s\u1ed1ng<\/li>\n<\/ul>\n\n\n\n<p><\/p>\n","protected":false},"excerpt":{"rendered":"","protected":false},"author":1,"featured_media":0,"parent":0,"menu_order":0,"comment_status":"closed","ping_status":"closed","template":"","meta":{"footnotes":""},"class_list":["post-61","page","type-page","status-publish","hentry"],"_links":{"self":[{"href":"https:\/\/suckhoetamly.com\/index.php?rest_route=\/wp\/v2\/pages\/61","targetHints":{"allow":["GET"]}}],"collection":[{"href":"https:\/\/suckhoetamly.com\/index.php?rest_route=\/wp\/v2\/pages"}],"about":[{"href":"https:\/\/suckhoetamly.com\/index.php?rest_route=\/wp\/v2\/types\/page"}],"author":[{"embeddable":true,"href":"https:\/\/suckhoetamly.com\/index.php?rest_route=\/wp\/v2\/users\/1"}],"replies":[{"embeddable":true,"href":"https:\/\/suckhoetamly.com\/index.php?rest_route=%2Fwp%2Fv2%2Fcomments&post=61"}],"version-history":[{"count":4,"href":"https:\/\/suckhoetamly.com\/index.php?rest_route=\/wp\/v2\/pages\/61\/revisions"}],"predecessor-version":[{"id":233,"href":"https:\/\/suckhoetamly.com\/index.php?rest_route=\/wp\/v2\/pages\/61\/revisions\/233"}],"wp:attachment":[{"href":"https:\/\/suckhoetamly.com\/index.php?rest_route=%2Fwp%2Fv2%2Fmedia&parent=61"}],"curies":[{"name":"wp","href":"https:\/\/api.w.org\/{rel}","templated":true}]}}