{"id":167,"date":"2025-03-08T07:12:33","date_gmt":"2025-03-08T07:12:33","guid":{"rendered":"https:\/\/suckhoetamly.com\/?page_id=167"},"modified":"2025-03-29T09:56:26","modified_gmt":"2025-03-29T09:56:26","slug":"download-10-phut-tinh-tam-audio","status":"publish","type":"page","link":"https:\/\/suckhoetamly.com\/?page_id=167","title":{"rendered":"Download 10 Ph\u00fat T\u0129nh T\u00e2m Audio"},"content":{"rendered":"\n<p><strong>Vui l\u00f2ng nh\u1ea5p v\u00e0o n\u00fat (click)<\/strong> <strong>b\u00ean d\u01b0\u1edbi \u0111\u1ec3 Download\/T\u1ea3i Audio\/\u00c2m Thanh N\u00e0y V\u00e0o Phone \u0110\u1ec3 Nghe v\u00e0 Th\u1ef1c H\u00e0nh 10 Ph\u00fat T\u0129nh T\u00e2m Tr\u01b0\u1edbc Khi \u0110i Ng\u1ee7 Ho\u1eb7c Tr\u01b0\u1edbc Khi B\u1eaft \u0110\u1ea7u M\u1ed9t Ng\u00e0y L\u00e0m Vi\u1ec7c.<\/strong><\/p>\n\n\n\n<p><strong><em>B\u1ea1n Ch\u1ec9 C\u1ea7n Ghi T\u00ean v\u00e0 H\u1ecd v\u00e0 Email \u0110\u1ec3 \u0110\u01b0\u1ee3c T\u1ea3i Xu\u1ed1ng Mi\u1ec5n Ph\u00ed. C\u1ea3m \u01a0n.<\/em><\/strong><\/p>\n\n\n\n<figure class=\"wp-block-image size-large\"><a href=\"https:\/\/forms.aweber.com\/form\/65\/949518065.htm\"><img loading=\"lazy\" decoding=\"async\" width=\"1024\" height=\"576\" src=\"https:\/\/suckhoetamly.com\/wp-content\/uploads\/2025\/03\/Suc-Khoe-Tam-Ly-8-1024x576.png\" alt=\"\" class=\"wp-image-183\" srcset=\"https:\/\/suckhoetamly.com\/wp-content\/uploads\/2025\/03\/Suc-Khoe-Tam-Ly-8-1024x576.png 1024w, https:\/\/suckhoetamly.com\/wp-content\/uploads\/2025\/03\/Suc-Khoe-Tam-Ly-8-300x169.png 300w, https:\/\/suckhoetamly.com\/wp-content\/uploads\/2025\/03\/Suc-Khoe-Tam-Ly-8-768x432.png 768w, https:\/\/suckhoetamly.com\/wp-content\/uploads\/2025\/03\/Suc-Khoe-Tam-Ly-8.png 1366w\" sizes=\"auto, (max-width: 1024px) 100vw, 1024px\" \/><\/a><\/figure>\n\n\n\n<h2 class=\"wp-block-heading\">Click The Picture Below. Enter Your Name and Email. Click Submit. You Will Receive the Audio MP4 English Version of The Meditation to Reduce Stress, Anxiety, &amp; Sleep Better. Thank You!<\/h2>\n\n\n\n<hr class=\"wp-block-separator has-alpha-channel-opacity\"\/>\n\n\n\n<figure class=\"wp-block-image size-large\"><a href=\"https:\/\/forms.aweber.com\/form\/57\/158138557.htm\" target=\"_blank\" rel=\" noreferrer noopener\"><img loading=\"lazy\" decoding=\"async\" width=\"1024\" height=\"576\" src=\"https:\/\/suckhoetamly.com\/wp-content\/uploads\/2025\/03\/Final-MP3-Meditation-English-Version-Download-1024x576.jpg\" alt=\"\" class=\"wp-image-292\" srcset=\"https:\/\/suckhoetamly.com\/wp-content\/uploads\/2025\/03\/Final-MP3-Meditation-English-Version-Download-1024x576.jpg 1024w, https:\/\/suckhoetamly.com\/wp-content\/uploads\/2025\/03\/Final-MP3-Meditation-English-Version-Download-300x169.jpg 300w, https:\/\/suckhoetamly.com\/wp-content\/uploads\/2025\/03\/Final-MP3-Meditation-English-Version-Download-768x432.jpg 768w, https:\/\/suckhoetamly.com\/wp-content\/uploads\/2025\/03\/Final-MP3-Meditation-English-Version-Download.jpg 1280w\" sizes=\"auto, (max-width: 1024px) 100vw, 1024px\" \/><\/a><\/figure>\n\n\n\n<p><\/p>\n","protected":false},"excerpt":{"rendered":"<p>Vui l\u00f2ng nh\u1ea5p v\u00e0o n\u00fat (click) b\u00ean d\u01b0\u1edbi \u0111\u1ec3 Download\/T\u1ea3i Audio\/\u00c2m Thanh N\u00e0y V\u00e0o Phone \u0110\u1ec3 Nghe v\u00e0 Th\u1ef1c H\u00e0nh 10 Ph\u00fat T\u0129nh T\u00e2m Tr\u01b0\u1edbc Khi \u0110i Ng\u1ee7 Ho\u1eb7c Tr\u01b0\u1edbc Khi B\u1eaft \u0110\u1ea7u M\u1ed9t Ng\u00e0y L\u00e0m Vi\u1ec7c. B\u1ea1n Ch\u1ec9 C\u1ea7n Ghi T\u00ean v\u00e0 H\u1ecd v\u00e0 Email \u0110\u1ec3 \u0110\u01b0\u1ee3c T\u1ea3i Xu\u1ed1ng Mi\u1ec5n Ph\u00ed. C\u1ea3m \u01a0n. Click [&hellip;]<\/p>\n","protected":false},"author":1,"featured_media":0,"parent":0,"menu_order":0,"comment_status":"closed","ping_status":"closed","template":"","meta":{"footnotes":""},"class_list":["post-167","page","type-page","status-publish","hentry"],"_links":{"self":[{"href":"https:\/\/suckhoetamly.com\/index.php?rest_route=\/wp\/v2\/pages\/167","targetHints":{"allow":["GET"]}}],"collection":[{"href":"https:\/\/suckhoetamly.com\/index.php?rest_route=\/wp\/v2\/pages"}],"about":[{"href":"https:\/\/suckhoetamly.com\/index.php?rest_route=\/wp\/v2\/types\/page"}],"author":[{"embeddable":true,"href":"https:\/\/suckhoetamly.com\/index.php?rest_route=\/wp\/v2\/users\/1"}],"replies":[{"embeddable":true,"href":"https:\/\/suckhoetamly.com\/index.php?rest_route=%2Fwp%2Fv2%2Fcomments&post=167"}],"version-history":[{"count":11,"href":"https:\/\/suckhoetamly.com\/index.php?rest_route=\/wp\/v2\/pages\/167\/revisions"}],"predecessor-version":[{"id":298,"href":"https:\/\/suckhoetamly.com\/index.php?rest_route=\/wp\/v2\/pages\/167\/revisions\/298"}],"wp:attachment":[{"href":"https:\/\/suckhoetamly.com\/index.php?rest_route=%2Fwp%2Fv2%2Fmedia&parent=167"}],"curies":[{"name":"wp","href":"https:\/\/api.w.org\/{rel}","templated":true}]}}