{"id":12,"date":"2025-03-07T06:40:24","date_gmt":"2025-03-07T06:40:24","guid":{"rendered":"https:\/\/suckhoetamly.com\/?page_id=12"},"modified":"2025-03-31T23:29:46","modified_gmt":"2025-03-31T23:29:46","slug":"you-tube-channel","status":"publish","type":"page","link":"https:\/\/suckhoetamly.com\/?page_id=12","title":{"rendered":"You Tube Channel"},"content":{"rendered":"\n<h1 class=\"wp-block-heading has-text-align-center\">Dr KT Suc Khoe Tam Ly Channel <\/h1>\n\n\n\n<p>K\u00eanh n\u00e0y gi\u1edbi thi\u1ec7u nhi\u1ec1u n\u1ed9i dung \u0111a d\u1ea1ng \u0111\u01b0\u1ee3c thi\u1ebft k\u1ebf \u0111\u1ec3 gi\u00fap ng\u01b0\u1eddi xem hi\u1ec3u v\u00e0\u00a0\u0111i\u1ec1u ch\u1ec9nh ho\u1eb7c duy tr\u00ec t\u1ed1t h\u01a1n v\u1ec1 s\u1ee9c kh\u1ecfe t\u00e2m l\u00fd c\u1ee7a m\u00ecnh. B\u1ea1n c\u00f3 th\u1ec3 kh\u00e1m ph\u00e1 k\u00eanh t\u1ea1i \u0111\u00e2y: <\/p>\n\n\n\n<figure class=\"wp-block-image size-large\"><a href=\"https:\/\/www.youtube.com\/@DrKTSucKhoeTamLy\"><img loading=\"lazy\" decoding=\"async\" width=\"1024\" height=\"576\" src=\"https:\/\/suckhoetamly.com\/wp-content\/uploads\/2025\/03\/Dr-KT-Suc-Khoe-Tam-Ly-1024x576.jpg\" alt=\"\" class=\"wp-image-316\" srcset=\"https:\/\/suckhoetamly.com\/wp-content\/uploads\/2025\/03\/Dr-KT-Suc-Khoe-Tam-Ly-1024x576.jpg 1024w, https:\/\/suckhoetamly.com\/wp-content\/uploads\/2025\/03\/Dr-KT-Suc-Khoe-Tam-Ly-300x169.jpg 300w, https:\/\/suckhoetamly.com\/wp-content\/uploads\/2025\/03\/Dr-KT-Suc-Khoe-Tam-Ly-768x432.jpg 768w, https:\/\/suckhoetamly.com\/wp-content\/uploads\/2025\/03\/Dr-KT-Suc-Khoe-Tam-Ly-1536x864.jpg 1536w, https:\/\/suckhoetamly.com\/wp-content\/uploads\/2025\/03\/Dr-KT-Suc-Khoe-Tam-Ly.jpg 1920w\" sizes=\"auto, (max-width: 1024px) 100vw, 1024px\" \/><\/a><\/figure>\n\n\n\n<figure class=\"wp-block-embed is-type-video is-provider-youtube wp-block-embed-youtube wp-embed-aspect-16-9 wp-has-aspect-ratio\"><div class=\"wp-block-embed__wrapper\">\n<iframe loading=\"lazy\" title=\"T\u0129nh T\u00e2m 10 Ph\u00fat: B\u00ed Quy\u1ebft Gi\u1ea3m Stress Trong Cu\u1ed9c S\u1ed1ng Hi\u1ec7n \u0110\u1ea1i\" width=\"500\" height=\"281\" src=\"https:\/\/www.youtube.com\/embed\/_6i2zLQ4ra8?list=PLPfAZFTBmEEKI5mlmojcJyZthbhxcbTPt\" frameborder=\"0\" allow=\"accelerometer; autoplay; clipboard-write; encrypted-media; gyroscope; picture-in-picture; web-share\" referrerpolicy=\"strict-origin-when-cross-origin\" allowfullscreen><\/iframe>\n<\/div><\/figure>\n\n\n\n<figure class=\"wp-block-embed is-type-video is-provider-youtube wp-block-embed-youtube wp-embed-aspect-16-9 wp-has-aspect-ratio\"><div class=\"wp-block-embed__wrapper\">\n<iframe loading=\"lazy\" title=\"Unlocking Serenity: A Psychologist&#039;s Guide to Conquering Stress, Anxiety, and Sleep Better\" width=\"500\" height=\"281\" src=\"https:\/\/www.youtube.com\/embed\/ZYmcHs7D3zk?list=PLPfAZFTBmEEJimNXCk6NArFUbxW9RQHpP\" frameborder=\"0\" allow=\"accelerometer; autoplay; clipboard-write; encrypted-media; gyroscope; picture-in-picture; web-share\" referrerpolicy=\"strict-origin-when-cross-origin\" allowfullscreen><\/iframe>\n<\/div><\/figure>\n","protected":false},"excerpt":{"rendered":"<p>Dr KT Suc Khoe Tam Ly Channel K\u00eanh n\u00e0y gi\u1edbi thi\u1ec7u nhi\u1ec1u n\u1ed9i dung \u0111a d\u1ea1ng \u0111\u01b0\u1ee3c thi\u1ebft k\u1ebf \u0111\u1ec3 gi\u00fap ng\u01b0\u1eddi xem hi\u1ec3u v\u00e0\u00a0\u0111i\u1ec1u ch\u1ec9nh ho\u1eb7c duy tr\u00ec t\u1ed1t h\u01a1n v\u1ec1 s\u1ee9c kh\u1ecfe t\u00e2m l\u00fd c\u1ee7a m\u00ecnh. B\u1ea1n c\u00f3 th\u1ec3 kh\u00e1m ph\u00e1 k\u00eanh t\u1ea1i \u0111\u00e2y:<\/p>\n","protected":false},"author":1,"featured_media":0,"parent":0,"menu_order":0,"comment_status":"closed","ping_status":"closed","template":"","meta":{"footnotes":""},"class_list":["post-12","page","type-page","status-publish","hentry"],"_links":{"self":[{"href":"https:\/\/suckhoetamly.com\/index.php?rest_route=\/wp\/v2\/pages\/12","targetHints":{"allow":["GET"]}}],"collection":[{"href":"https:\/\/suckhoetamly.com\/index.php?rest_route=\/wp\/v2\/pages"}],"about":[{"href":"https:\/\/suckhoetamly.com\/index.php?rest_route=\/wp\/v2\/types\/page"}],"author":[{"embeddable":true,"href":"https:\/\/suckhoetamly.com\/index.php?rest_route=\/wp\/v2\/users\/1"}],"replies":[{"embeddable":true,"href":"https:\/\/suckhoetamly.com\/index.php?rest_route=%2Fwp%2Fv2%2Fcomments&post=12"}],"version-history":[{"count":9,"href":"https:\/\/suckhoetamly.com\/index.php?rest_route=\/wp\/v2\/pages\/12\/revisions"}],"predecessor-version":[{"id":321,"href":"https:\/\/suckhoetamly.com\/index.php?rest_route=\/wp\/v2\/pages\/12\/revisions\/321"}],"wp:attachment":[{"href":"https:\/\/suckhoetamly.com\/index.php?rest_route=%2Fwp%2Fv2%2Fmedia&parent=12"}],"curies":[{"name":"wp","href":"https:\/\/api.w.org\/{rel}","templated":true}]}}